{"id":2232,"date":"2023-02-24T14:06:29","date_gmt":"2023-02-24T14:06:29","guid":{"rendered":"http:\/\/www.pvs.gmbh\/?page_id=2232"},"modified":"2026-03-30T12:36:27","modified_gmt":"2026-03-30T11:36:27","slug":"datenschutz","status":"publish","type":"page","link":"https:\/\/alcom-doebeln.de\/?page_id=2232","title":{"rendered":"Datenschutz"},"content":{"rendered":"<p><style>\/*! elementor - v3.11.5 - 14-03-2023 *\/<br \/>\n.elementor-heading-title{padding:0;margin:0;line-height:1}.elementor-widget-heading .elementor-heading-title[class*=elementor-size-]>a{color:inherit;font-size:inherit;line-height:inherit}.elementor-widget-heading .elementor-heading-title.elementor-size-small{font-size:15px}.elementor-widget-heading .elementor-heading-title.elementor-size-medium{font-size:19px}.elementor-widget-heading .elementor-heading-title.elementor-size-large{font-size:29px}.elementor-widget-heading .elementor-heading-title.elementor-size-xl{font-size:39px}.elementor-widget-heading .elementor-heading-title.elementor-size-xxl{font-size:59px}<\/style><\/p>\n<p>Datenschutz<br \/>So erreichen Sie uns<\/p>\n<h3>Datenschutzerkl\u00e4rung f\u00fcr https:\/\/alcom-doebeln.de\/<\/h3>\n<p>Sehr geehrte Besucherinnen und Besucher, wir freuen uns \u00fcber Ihren Besuch auf unseren Webseiten. Wir m\u00f6chten, dass Sie sich hierbei sicher und wohl f\u00fchlen. Der Schutz Ihrer Privatsph\u00e4re hat f\u00fcr uns einen hohen Stellenwert. Die folgenden Datenschutzbestimmungen sind daf\u00fcr gedacht, Sie \u00fcber unsere Handhabung der Erhebung, Verwendung und Weitergabe von pers\u00f6nlichen Daten zu informieren.<\/p>\n<p><b>Verantwortliche Stelle<\/b><\/p>\n<p>ALCOM Gesellschaft f\u00fcr Sicherheits- und Kommunikationstechnik mbH &amp; Co KG<br \/>Ralf Hopke<br \/>Nagelsberger Weg 21<br \/>Eichbergstra\u00dfe 9 04720 D\u00f6beln<br \/>info@alcom-doebeln.de<\/p>\n<p><b>Nutzungsdaten<\/b><\/p>\n<p>Um die Qualit\u00e4t und Funktionsf\u00e4higkeit unserer Webseiten zu verbessern und f\u00fcr den Fall einer Strafverfolgung, speichern wir zu statistischen Zwecken Daten \u00fcber den einzelnen Zugriff auf unsere Seiten. Dieser Datensatz besteht aus<\/p>\n<ul>\n<li>der Seite, von der aus die Datei angefordert wurde,<\/li>\n<li>dem Namen der Datei,<\/li>\n<li>dem Datum und der Uhrzeit der Abfrage,<\/li>\n<li>der \u00fcbertragenen Datenmenge,<\/li>\n<li>dem Zugriffsstatus (Datei \u00fcbertragen, Datei nicht gefunden),<\/li>\n<li>Beschreibung des Typs des verwendeten Webbrowsers,<\/li>\n<li>der IP-Adresse des anfragenden Rechners<\/li>\n<\/ul>\n<p>Rechtsgrundlage f\u00fcr diese Datenverarbeitung ist Art. 6 Abs. 1 lit. f DSGVO (berechtigte Interessen des Verantwortlichen).<\/p>\n<p>Die o.g. Gr\u00fcnde stellen auch das berechtigte Interesse f\u00fcr die Datenverarbeitung nach Art. 6 Abs. 1 lit. f DSGVO dar.<\/p>\n<p>\u00a0<\/p>\n<p><b>Jetpack\/WorldPress.com Stats<\/b><\/p>\n<p>Diese Webseite verwenden das Statistik Tool Jetpack (ehemals WordPress.com-Stats). Mit diesem Programm k\u00f6nnen die Besucherzugriffe dieser Seite statistisch ausgewertet werden. Es wird betrieben von Automattic Inc., 60 29th Street #343, San Francisco, CA 94110-4929, USA, unter Einsatz der Trackingtechnologie von Quantcast Inc., 201 3rd St, Floor 2, San Francisco, CA 94103-3153, USA.<\/p>\n<p>Dabei werden sog. &#8222;Cookies&#8220; verwendet (Textdateien, die auf dem Computer der Nutzer gespeichert werden und durch die eine Analyse der Benutzung der Website erm\u00f6glich wird). Die durch den Cookie erzeugten Informationen \u00fcber Ihre Benutzung dieses Internetangebotes werden auf einem Server in den USA gespeichert. Die IP-Adresse wird sofort nach der Verarbeitung und vor deren Speicherung anonymisiert. Die Installation von Cookies kann durch eine Einstellung der Browser-Software verhindert werden. Dadurch k\u00f6nnen u.U. allerdings nicht s\u00e4mtliche Funktionen dieser Website vollumf\u00e4nglich genutzt werden.<\/p>\n<p>Sie k\u00f6nnen der Erhebung und Nutzung der Daten durch Quantcast mit Wirkung f\u00fcr die Zukunft widersprechen, indem Sie an dieser Stelle durch einen Klick auf den Link &#8222;Click here to opt-out&#8220; ein Opt-Out-Cookie in Ihrem Browser setzen: <a href=\"http:\/\/www.quantcast.com\/opt-out\" target=\"_blank\" rel=\"noopener\">http:\/\/www.quantcast.com\/opt-out<\/a>. Sollten Sie alle Cookies auf Ihrem Rechner l\u00f6schen, m\u00fcssen Sie das Opt-Out-Cookie erneut setzen.<\/p>\n<p>Die Speicherung der Cookies erfolgt auf Grundlage von Art. 6 Abs. 1 lit. f DSGVO. Der Websitebetreiber hat ein berechtigtes Interesse an der Analyse des Nutzerverhaltens, um sowohl sein Webangebot als auch seine Werbung zu optimieren und dient damit auch der Finanzierung und kundenorientierten Nutzung, Anpassung und Aktualisierung der Webseite.<\/p>\n<p><b>Werbung<\/b><\/p>\n<p><b>Google Adsense<\/b><\/p>\n<p>Diese Website benutzt Google AdSense, einen Dienst zur Einbindung von Werbung auf dieser Webseite der Google Inc. (&#8222;Google&#8220;). Google AdSense verwendet sog. &#8222;Cookies&#8220;, Textdateien, die auf Ihrem Computer gespeichert werden und die eine Analyse der Benutzung der Website durch Sie erm\u00f6glichen. Google AdSense verwendet auch so genannte Web Beacons (unsichtbare Grafiken). Durch diese Web Beacons k\u00f6nnen Informationen wie der Besucherverkehr auf den Seiten dieses Angebots ausgewertet werden.<\/p>\n<p>Die durch Cookies und Web Beacons erzeugten Informationen \u00fcber die Benutzung dieser Website (einschlie\u00dflich der IP-Adresse der Nutzer) und Auslieferung von Werbeformaten werden an einen Server von Google in den USA \u00fcbertragen und dort gespeichert. Diese Informationen k\u00f6nnen von Google an Vertragspartner von Google weiter gegeben werden. Nach Aussage von Google wird Ihre IP-Adresse jedoch nicht mit anderen von Ihnen gespeicherten Daten zusammengef\u00fchrt.<\/p>\n<p>Sie k\u00f6nnen die Installation der Cookies durch eine entsprechende Einstellung Ihrer Browser Software verhindern. Wir weisen jedoch darauf hin, dass sie in diesem Fall gegebenenfalls nicht s\u00e4mtliche Funktionen dieses Angebotes voll umf\u00e4nglich nutzen k\u00f6nnen. Durch die Nutzung dieser Website erkl\u00e4ren Sie sich mit der Bearbeitung der \u00fcber sie erhobenen Daten durch Google in der zuvor beschriebenen Art und Weise und zu dem zuvor benannten Zweck einverstanden.<\/p>\n<p>N\u00e4here Informationen zu Datenschutz und Cookies f\u00fcr Werbung bei Google AdSense sind in der Datenschutzerkl\u00e4rung von Google, insbesondere unter den folgenden Links zu finden:<br \/><a href=\"http:\/\/www.google.de\/policies\/privacy\/partners\/\" target=\"_blank\" rel=\"noopener\">http:\/\/www.google.de\/policies\/privacy\/partners\/<\/a><br \/><a href=\"http:\/\/www.google.de\/intl\/de\/policies\/technologies\/ads\" target=\"_blank\" rel=\"noopener\">http:\/\/www.google.de\/intl\/de\/policies\/technologies\/ads<\/a><br \/><a href=\"http:\/\/support.google.com\/adsense\/answer\/2839090\" target=\"_blank\" rel=\"noopener\">http:\/\/support.google.com\/adsense\/answer\/2839090<\/a><\/p>\n<p><b>Weitere Anbieter<\/b><\/p>\n<p>Facebook Ads<\/p>\n<p><b>Ihre Rechte als Nutzer<\/b><\/p>\n<p>a) Recht auf Best\u00e4tigung<br \/>Jede betroffene Person hat das Recht, Auskunft zu verlangen, ob \u00fcber sie personenbezogene Daten verarbeitet werden.<\/p>\n<p>b) Recht auf Auskunft (Art. 15 DSGVO)<br \/>Jede betroffene Person hat das Recht, unentgeltliche Auskunft \u00fcber die zu seiner Person gespeicherten personenbezogenen Daten und eine Kopie dieser Auskunft zu erhalten.<\/p>\n<p>c) Recht auf Berichtigung (Art. 16 DSGVO)<br \/>Die betroffene Person hat das Recht, von dem Verantwortlichen unverz\u00fcglich die Berichtigung sie betreffender unrichtiger personenbezogener Daten zu verlangen.<\/p>\n<p>d) Recht auf L\u00f6schung (Recht auf Vergessen werden) (Art. 17 DSGVO)<br \/>Jede betroffene Person hat das Recht, zu verlangen, dass die sie betreffenden personenbezogenen Daten unverz\u00fcglich gel\u00f6scht werden, sofern einer der gesetzlich genannten Gr\u00fcnde zutrifft und soweit die Verarbeitung nicht erforderlich ist.<\/p>\n<p>e) Recht auf Einschr\u00e4nkung der Verarbeitung (Art. 18 DSGVO)<br \/>Jede betroffene Person hat das Recht, die Einschr\u00e4nkung der Verarbeitung zu verlangen, sofern einer der gesetzlich genannten Gr\u00fcnde zutrifft.<\/p>\n<p>f) Recht auf Daten\u00fcbertragbarkeit (Art. 20 DSGVO)<br \/>Jede betroffene Person hat das Recht, die sie betreffenden personenbezogenen Daten, die durch sie einem Verantwortlichen bereitgestellt wurden, in einem strukturierten, g\u00e4ngigen und maschinenlesbaren Format zu erhalten und diese Daten einem anderen Verantwortlichen ohne Behinderung zu \u00fcbermitteln, sofern die Verarbeitung auf der Einwilligung gem\u00e4\u00df Art. 6 Abs. 1 Buchstabe a DS-GVO oder Art. 9 Abs. 2 Buchstabe a DS-GVO oder auf einem Vertrag gem\u00e4\u00df Art. 6 Abs. 1 Buchstabe b DS-GVO beruht und die Verarbeitung mithilfe automatisierter Verfahren erfolgt, sofern die Verarbeitung nicht f\u00fcr die Wahrnehmung einer Aufgabe erforderlich ist, die im \u00f6ffentlichen Interesse liegt oder in Aus\u00fcbung \u00f6ffentlicher Gewalt erfolgt, welche dem Verantwortlichen \u00fcbertragen wurde.<br \/>Ferner hat die betroffene Person bei der Aus\u00fcbung ihres Rechts auf Daten\u00fcbertragbarkeit gem\u00e4\u00df Art. 20 Abs. 1 DS-GVO das Recht, zu erwirken, dass die personenbezogenen Daten direkt von einem Verantwortlichen an einen anderen Verantwortlichen \u00fcbermittelt werden, soweit dies technisch machbar ist und sofern hiervon nicht die Rechte und Freiheiten anderer Personen beeintr\u00e4chtigt werden.<\/p>\n<p>g) Recht auf Widerruf einer datenschutzrechtlichen Einwilligung (Art. 13 DSGVO)<br \/>Jede betroffene Person hat das Recht, eine Einwilligung zur Verarbeitung personenbezogener Daten jederzeit zu widerrufen, wenn die Verarbeitung auf Art.6 Abs. 1 lit. a oder Art. 9 Abs. 2 lit. a beruht, ohne dass die Rechtm\u00e4\u00dfigkeit der aufgrund der Einwilligung bis zum Widerruf erfolgten Verarbeitung ber\u00fchrt wird.<\/p>\n<hr \/>\n<p><b> h) Recht auf Widerspruch (Art. 21 DSGVO)<br \/>Jede betroffene Person hat das Recht, aus Gr\u00fcnden, die sich aus ihrer besonderen Situation ergeben, jederzeit gegen die Verarbeitung sie betreffender personenbezogener Daten, die aufgrund von Art. 6 Abs. 1 Buchstaben e oder f DS-GVO erfolgt, Widerspruch einzulegen. Dies gilt auch f\u00fcr ein auf diese Bestimmungen gest\u00fctztes Profiling. Werden personenbezogene Daten verarbeitet, um Direktwerbung zu betreiben, so hat die betroffene Person das Recht, jederzeit Widerspruch gegen die Verarbeitung sie betreffender personenbezogener Daten zum Zwecke derartiger Werbung einzulegen; dies gilt auch f\u00fcr das Profiling, soweit es mit solcher Direktwerbung in Verbindung steht. <\/b><\/p>\n<hr \/>\n<p>i) Automatisierte Entscheidungen im Einzelfall einschlie\u00dflich Profiling (Art. 22 DSGVO)<br \/>Jede betroffene Person hat das Recht, nicht einer ausschlie\u00dflich auf einer automatisierten Verarbeitung &#8211; einschlie\u00dflich Profiling &#8211; beruhenden Entscheidung unterworfen zu werden, die ihr gegen\u00fcber rechtliche Wirkung entfaltet oder sie in \u00e4hnlicher Weise erheblich beeintr\u00e4chtigt, sofern die Entscheidung<\/p>\n<ul style=\"list-style-type: none;\">\n<li>(1) nicht f\u00fcr den Abschluss oder die Erf\u00fcllung eines Vertrags zwischen der betroffenen Person und dem Verantwortlichen erforderlich ist, oder<\/li>\n<li>(2) aufgrund von Rechtsvorschriften der Union oder der Mitgliedstaaten, denen der Verantwortliche unterliegt, zul\u00e4ssig ist und diese Rechtsvorschriften angemessene Ma\u00dfnahmen zur Wahrung der Rechte und Freiheiten sowie der berechtigten Interessen der betroffenen Person enthalten oder<\/li>\n<li>(3) mit ausdr\u00fccklicher Einwilligung der betroffenen Person erfolgt.<\/li>\n<\/ul>\n<p>In den in (1) und (3) genannten F\u00e4llen werden angemessene Ma\u00dfnahmen getroffen, um die Rechte und Freiheiten sowie die berechtigten Interessen der betroffenen Person zu wahren, wozu mindestens das Recht auf Erwirkung des Eingreifens einer Person seitens des Verantwortlichen, auf Darlegung des eigenen Standpunkts und auf Anfechtung der Entscheidung geh\u00f6rt.<\/p>\n<p><b>Dauer, f\u00fcr die die personenbezogenen Daten gespeichert werden<\/b><\/p>\n<p>Das Kriterium f\u00fcr die Dauer der Speicherung von personenbezogenen Daten ist die jeweilige gesetzlich vorgeschriebene Aufbewahrungsfrist. Nach Ablauf der Frist werden die entsprechenden Daten routinem\u00e4\u00dfig gel\u00f6scht, sofern sie nicht mehr zur Vertragserf\u00fcllung oder Vertragsanbahnung erforderlich sind.<\/p>\n<p><b>Sonstige Daten<\/b><\/p>\n<p>Wir speichern folgende weitere Daten zu folgenden Zwecken:<\/p>\n<p>Telefonnummer, Kreditkarteninformationen, Kontodaten, die Kundennummer, Anschrift\/Adresse, E-Mail Adresse, IP-Adresse<\/p>\n<p>Die Daten werden nicht an Dritte weitergegeben.<\/p>\n<p><b>Beschwerderecht bei der zust\u00e4ndigen Aufsichtsbeh\u00f6rde<\/b><\/p>\n<p>Im Falle von datenschutzrechtlichen Verst\u00f6\u00dfen hat die betroffene Person ein Beschwerderecht bei der zust\u00e4ndigen Aufsichtsbeh\u00f6rde. Dies ist der oder die Landesdatenschutzbeauftragte des Bundeslandes, in dem unser Unternehmen seinen Sitz hat. Eine Liste der Datenschutzbeauftragten finden Sie hier: <a href=\"https:\/\/www.bfdi.bund.de\/DE\/Infothek\/Anschriften_Links\/anschriften_links-node.html\" target=\"_blank\" rel=\"noopener\">https:\/\/www.bfdi.bund.de\/DE\/Infothek\/Anschriften_Links\/anschriften_links-node.html<\/a>.<\/p>\n\n\n<\/p>\n<p><i><b>ALCOM<\/b><\/i><br \/>Gesellschaft f\u00fcr Sicherheits- und<br \/>Kommunikationstechnik GmbH &amp; Co KG<br \/><br \/>Eichbergstra\u00dfe 9<br \/>04720 D\u00f6beln<\/p>\n<p>Telefon: 03431 66090<br \/>E-Mail: info@alcom-doebeln.de<\/p>\t\t\n\t\t\t<style>\/*! elementor - v3.11.5 - 14-03-2023 *\/\n.elementor-widget-image{text-align:center}.elementor-widget-image a{display:inline-block}.elementor-widget-image a img[src$=\".svg\"]{width:48px}.elementor-widget-image img{vertical-align:middle;display:inline-block}<\/style>\t\t\t\t\t\t\t\t\t\t\t\t<img decoding=\"async\" width=\"120\" height=\"180\" src=\"https:\/\/alcom-doebeln.de\/wp-content\/uploads\/2023\/02\/innung.gif\" alt=\"\" loading=\"lazy\" \/>\t\t\t\t\t\t\t\t\t\t\t\t\t\t\t\n\t\t<p>&nbsp;<\/p>\n<p>&nbsp;<\/p>\n<p><a href=\"https:\/\/alcom-doebeln.de\/impressum\">Impressum<\/a><\/p>\n<p><a href=\"https:\/\/alcom-doebeln.de\/datenschutz\">Datenschutz<\/a><\/p>\n","protected":false},"excerpt":{"rendered":"<p>DatenschutzSo erreichen Sie uns Datenschutzerkl\u00e4rung f\u00fcr https:\/\/alcom-doebeln.de\/ Sehr geehrte Besucherinnen und Besucher, wir freuen uns \u00fcber Ihren Besuch auf unseren Webseiten. Wir m\u00f6chten, dass Sie sich hierbei sicher und wohl f\u00fchlen. Der Schutz Ihrer Privatsph\u00e4re hat f\u00fcr uns einen hohen Stellenwert. Die folgenden Datenschutzbestimmungen sind daf\u00fcr gedacht, Sie \u00fcber unsere Handhabung der Erhebung, Verwendung und [&hellip;]<\/p>\n","protected":false},"author":1,"featured_media":0,"parent":0,"menu_order":0,"comment_status":"closed","ping_status":"closed","template":"elementor_header_footer","meta":{"saved_in_kubio":false,"footnotes":""},"class_list":["post-2232","page","type-page","status-publish","hentry"],"kubio_ai_page_context":{"short_desc":"","purpose":"general"},"_links":{"self":[{"href":"https:\/\/alcom-doebeln.de\/index.php?rest_route=\/wp\/v2\/pages\/2232","targetHints":{"allow":["GET"]}}],"collection":[{"href":"https:\/\/alcom-doebeln.de\/index.php?rest_route=\/wp\/v2\/pages"}],"about":[{"href":"https:\/\/alcom-doebeln.de\/index.php?rest_route=\/wp\/v2\/types\/page"}],"author":[{"embeddable":true,"href":"https:\/\/alcom-doebeln.de\/index.php?rest_route=\/wp\/v2\/users\/1"}],"replies":[{"embeddable":true,"href":"https:\/\/alcom-doebeln.de\/index.php?rest_route=%2Fwp%2Fv2%2Fcomments&post=2232"}],"version-history":[{"count":4,"href":"https:\/\/alcom-doebeln.de\/index.php?rest_route=\/wp\/v2\/pages\/2232\/revisions"}],"predecessor-version":[{"id":55206,"href":"https:\/\/alcom-doebeln.de\/index.php?rest_route=\/wp\/v2\/pages\/2232\/revisions\/55206"}],"wp:attachment":[{"href":"https:\/\/alcom-doebeln.de\/index.php?rest_route=%2Fwp%2Fv2%2Fmedia&parent=2232"}],"curies":[{"name":"wp","href":"https:\/\/api.w.org\/{rel}","templated":true}]}}